{"id":1321,"date":"2022-07-22T07:01:01","date_gmt":"2022-07-22T07:01:01","guid":{"rendered":"https:\/\/sdgs.mk\/%d0%b7%d0%b0-%d0%bf%d0%bb%d0%b0%d1%82%d1%84%d0%be%d1%80%d0%bc%d0%b0%d1%82%d0%b0\/"},"modified":"2022-12-16T13:25:52","modified_gmt":"2022-12-16T13:25:52","slug":"%d0%b7%d0%b0-%d0%bf%d0%bb%d0%b0%d1%82%d1%84%d0%be%d1%80%d0%bc%d0%b0%d1%82%d0%b0","status":"publish","type":"page","link":"https:\/\/sdgs.mk\/sq\/%d0%b7%d0%b0-%d0%bf%d0%bb%d0%b0%d1%82%d1%84%d0%be%d1%80%d0%bc%d0%b0%d1%82%d0%b0\/","title":{"rendered":"\u041f\u041b\u0410\u0422\u0424\u041e\u0420\u041c\u0410 \u0417\u0410 \u041e\u041f\u0428\u0422\u041e\u0414\u0420\u0423\u0428\u0422\u0412\u0415\u041d \u0414\u0418\u0408\u0410\u041b\u041e\u0413"},"content":{"rendered":"\n<h2 class=\"alignwide has-text-align-center mb-5 mt-4 wp-block-heading\" id=\"we-re-a-studio-in-berlin-with-an-international-practice-in-architecture-urban-planning-and-interior-design-we-believe-in-sharing-knowledge-and-promoting-dialogue-to-increase-the-creative-potential-of-collaboration\" style=\"font-size:48px;line-height:1.1\">\u041e\u0414\u0420\u0416\u041b\u0418\u0412 \u0420\u0410\u0417\u0412\u041e\u0408 \u0417\u0410 \u0421\u0418\u0422\u0415<\/h2>\n\n\n<div class=\"wp-block-image mt-4 mb-5\">\n<figure class=\"aligncenter size-full\"><img loading=\"lazy\" decoding=\"async\" width=\"391\" height=\"224\" src=\"http:\/\/giz.test\/wp-content\/uploads\/2022\/07\/Screenshot_1.png\" alt=\"\" class=\"wp-image-73\" srcset=\"https:\/\/sdgs.mk\/wp-content\/uploads\/2022\/07\/Screenshot_1.png 391w, https:\/\/sdgs.mk\/wp-content\/uploads\/2022\/07\/Screenshot_1-300x172.png 300w\" sizes=\"auto, (max-width: 391px) 100vw, 391px\" \/><\/figure>\n<\/div>\n\n\n<h2 class=\"col-10 mx-auto wp-block-heading\"><strong>Bashk\u00ebsia e nj\u00ebsive t\u00eb vet\u00ebqeverisjes lokale t\u00eb Republik\u00ebs s\u00eb Maqedonis\u00eb s\u00eb Veriut \u2013 BNJVL<\/strong><\/h2>\n\n\n\n<p class=\"col-md-10 col-12 mx-auto text-justify has-medium-font-size\">BNJVL-ja \u00ebsht\u00eb nj\u00eb organizat\u00eb jofitimprur\u00ebse dhe asociacion i vet\u00ebm nacional i cili p\u00ebrfaq\u00ebson t\u00eb gjitha 80 komunat dhe Qytetin e Shkupit, si nj\u00eb nj\u00ebsi e ve\u00e7ant\u00eb e vet\u00ebqeverisjes lokale. \u00cbsht\u00eb themeluar m\u00eb 26 prill 1972. BNJVL-ja p\u00ebrfaq\u00ebson pozitat dhe interesat e nj\u00ebsive t\u00eb vet\u00ebqeverisjes lokale para pushtetit qendror. BNJVL-ja zotohet me sukses p\u00ebr zgjidhje ligjore n\u00eb interes t\u00eb komunave, sidomos p\u00ebrmes iniciativ\u00ebs p\u00ebr formimin e Komisionit t\u00eb vet\u00ebqeverisjes lokale n\u00eb Kuvend. BNJVL-ja jep nj\u00eb kontribut t\u00eb konsideruesh\u00ebm n\u00eb procesin e decentralizimit dhe k\u00ebshtu kontribuon n\u00eb m\u00ebnyr\u00eb aktive n\u00eb procesin e &nbsp;an\u00ebtar\u00ebsimit n\u00eb BE. P\u00ebrmes sigurimit t\u00eb nd\u00ebrtimit t\u00eb vazhduesh\u00ebm t\u00eb kapaciteteve t\u00eb komunave p\u00ebr sferat q\u00eb jan\u00eb n\u00ebn kompetenc\u00ebn e tyre, BNJVL-ja mb\u00ebshtet zhvillimin e demokracis\u00eb lokale n\u00eb vend.<\/p>\n\n\n\n<h2 class=\"col-10 mx-auto wp-block-heading\"><strong><strong>Agjenda 2030 dhe parimi \u201cAskush t\u00eb mos anashkalohet\u201d<\/strong><\/strong><\/h2>\n\n\n\n<p class=\"col-md-10 col-12 mx-auto text-justify has-medium-font-size\">BNJVL-ja ka p\u00ebrvoj\u00eb n\u00eb promovimin e Agjend\u00ebs dhe parimit <em>\u201cAskush t\u00eb mos anashkalohet\u201d<\/em> para autoriteteve lokale. Plot\u00ebsisht, BNJVL-ja siguroi nj\u00eb mb\u00ebshtetje profesionale p\u00ebr komunat n\u00eb zbatimin e metodologjis\u00eb p\u00ebr hart\u00ebzim social me q\u00ebllim q\u00eb t\u00eb mblidhen t\u00eb dh\u00ebna t\u00eb ndara, t\u00eb hulumtohet anashkalimi i grupeve t\u00eb rrezikuara dhe t\u00eb p\u00ebrmir\u00ebsohen politikat p\u00ebr p\u00ebrfshirje sociale, t\u00eb bazuara mbi prova. Rekomandimet kryesore t\u00eb hart\u00ebzimit social dhe parimi <em>\u201cAskush t\u00eb mos anashkalohet\u201d<\/em> tani jan\u00eb t\u00eb integruara n\u00eb programet komunale, sikurse edhe n\u00eb strategjit\u00eb komunale p\u00ebr zhvillim t\u00eb mbrojtjes sociale.<\/p>\n\n\n\n<p class=\"col-md-10 col-12 mx-auto text-justify has-medium-font-size\">N\u00ebse ndonj\u00eb komun\u00eb \u00ebsht\u00eb e interesuar t\u00eb informohet m\u00eb shum\u00eb lidhur me Objektivat e zhvillimit t\u00eb q\u00ebndruesh\u00ebm dhe Agjend\u00ebs 2030, duke p\u00ebrdorur metodologjin\u00eb e hart\u00ebzimit social dhe duke integruar parimin <em>\u201cAskush t\u00eb mos anashkalohet\u201d<\/em> n\u00eb politikat lokale. Ju lutemi kontaktoni Bashk\u00ebsin\u00eb e nj\u00ebsive t\u00eb vet\u00ebqeverisjes lokale t\u00eb Republik\u00ebs s\u00eb Maqedonis\u00eb s\u00eb Veriut \u2013 BNJVL n\u00eb <a href=\"mailto:contact@zels.org.mk\">contact@zels.org.mk<\/a>.<\/p>\n","protected":false},"excerpt":{"rendered":"<p>\u041e\u0414\u0420\u0416\u041b\u0418\u0412 \u0420\u0410\u0417\u0412\u041e\u0408 \u0417\u0410 \u0421\u0418\u0422\u0415 Bashk\u00ebsia e nj\u00ebsive t\u00eb vet\u00ebqeverisjes lokale t\u00eb Republik\u00ebs s\u00eb Maqedonis\u00eb s\u00eb Veriut \u2013 BNJVL BNJVL-ja \u00ebsht\u00eb nj\u00eb organizat\u00eb jofitimprur\u00ebse dhe asociacion i vet\u00ebm nacional i cili p\u00ebrfaq\u00ebson t\u00eb gjitha 80 komunat dhe Qytetin e Shkupit, si nj\u00eb nj\u00ebsi e ve\u00e7ant\u00eb e vet\u00ebqeverisjes lokale. \u00cbsht\u00eb themeluar m\u00eb 26 prill 1972. BNJVL-ja p\u00ebrfaq\u00ebson [&hellip;]<\/p>\n","protected":false},"author":1,"featured_media":0,"parent":0,"menu_order":0,"comment_status":"closed","ping_status":"closed","template":"page-template-about-us.php","meta":{"inline_featured_image":false,"footnotes":""},"class_list":["post-1321","page","type-page","status-publish","hentry"],"_links":{"self":[{"href":"https:\/\/sdgs.mk\/sq\/wp-json\/wp\/v2\/pages\/1321","targetHints":{"allow":["GET"]}}],"collection":[{"href":"https:\/\/sdgs.mk\/sq\/wp-json\/wp\/v2\/pages"}],"about":[{"href":"https:\/\/sdgs.mk\/sq\/wp-json\/wp\/v2\/types\/page"}],"author":[{"embeddable":true,"href":"https:\/\/sdgs.mk\/sq\/wp-json\/wp\/v2\/users\/1"}],"replies":[{"embeddable":true,"href":"https:\/\/sdgs.mk\/sq\/wp-json\/wp\/v2\/comments?post=1321"}],"version-history":[{"count":9,"href":"https:\/\/sdgs.mk\/sq\/wp-json\/wp\/v2\/pages\/1321\/revisions"}],"predecessor-version":[{"id":2682,"href":"https:\/\/sdgs.mk\/sq\/wp-json\/wp\/v2\/pages\/1321\/revisions\/2682"}],"wp:attachment":[{"href":"https:\/\/sdgs.mk\/sq\/wp-json\/wp\/v2\/media?parent=1321"}],"curies":[{"name":"wp","href":"https:\/\/api.w.org\/{rel}","templated":true}]}}